{"id":1038,"date":"2016-06-17T13:38:39","date_gmt":"2016-06-17T13:38:39","guid":{"rendered":"http:\/\/okthemes.com\/villenoirdemo\/?page_id=1038"},"modified":"2026-02-03T10:02:42","modified_gmt":"2026-02-03T09:02:42","slug":"chambres","status":"publish","type":"page","link":"https:\/\/amandier.be\/1\/chambres\/","title":{"rendered":"Chambres"},"content":{"rendered":"<p>[vc_row full_width=&#8221;stretch_row_content_no_spaces&#8221; css_animation=&#8221;&#8221; css=&#8221;.vc_custom_1673032720395{margin-top: -150px !important;}&#8221;][vc_column css_animation=&#8221;&#8221;][vc_gallery interval=&#8221;3&#8243; images=&#8221;1614,1624,1625,1642,1644,1645,1646&#8243; img_size=&#8221;full&#8221; onclick=&#8221;&#8221; css_animation=&#8221;bounceInUp&#8221;][\/vc_column][\/vc_row][vc_row css_animation=&#8221;&#8221;][vc_column width=&#8221;1\/3&#8243; css_animation=&#8221;&#8221; css=&#8221;.vc_custom_1466169436879{padding-right: 10% !important;}&#8221;]\n\t<div class=\"title-subtitle-box  \" style=\" text-align: left;\">\n\t\t<p  style=\"\">Nos<\/p>\n\t\t<h1 style=\" font-style: normal;\">chambres<\/h1>\n\t<\/div> [vc_column_text css_animation=&#8221;&#8221;]L&#8217;Amandier vous invite \u00e0 profiter d&#8217;un s\u00e9jour gastronomique dans ses deux chambres La Glycine et l&#8217;Eucalyptus. Chacune unique, leur mobilier contemporain et design se marie \u00e0 merveille avec le charme de l&#8217;ancienne batisse. Elles vous permettront de passer une nuit dans cocon de s\u00e9r\u00e9nit\u00e9 et de calme, offrant une magnifique vue sur la campagne genvaloise.<\/p>\n<div>Profitez d\u2019avantage de votre s\u00e9jour \u00e0 L&#8217;Amandier ! Pour toute r\u00e9servation de nos chambres d&#8217;h\u00f4tes, vous pouvez d\u00e9sormais vous d\u00e9tendre dans notre sauna et jacuzzi (sur demande). Ajoutez une touche de luxe \u00e0 votre nuit\u00e9e et faites-vous plaisir.<\/div>\n<div>(sauna et jacuzzi 50\u20ac\/heure)<\/div>\n<div><\/div>\n<div><\/div>\n<div><span style=\"color: #993300;\"><em><strong>Nous vous prions de bien vouloir noter que nous avons une politique interdisant la pr\u00e9sence d&#8217;animaux dans nos chambres. Merci pour votre compr\u00e9hension.<\/strong><\/em><\/span><\/div>\n<p>[\/vc_column_text][\/vc_column][vc_column width=&#8221;2\/3&#8243; css_animation=&#8221;&#8221;][vc_images_carousel images=&#8221;1653,1654,1698,1655,1697,1656,1657&#8243; img_size=&#8221;large&#8221; speed=&#8221;2500&#8243; autoplay=&#8221;yes&#8221; wrap=&#8221;yes&#8221; css_animation=&#8221;fadeIn&#8221;][\/vc_column][\/vc_row][vc_row equal_height=&#8221;yes&#8221; css_animation=&#8221;&#8221; css=&#8221;.vc_custom_1466169520129{padding-top: 0px !important;padding-right: 0px !important;padding-bottom: 0px !important;padding-left: 0px !important;}&#8221;][vc_column width=&#8221;1\/2&#8243; css_animation=&#8221;&#8221; css=&#8221;.vc_custom_1673033261430{padding-top: 18% !important;padding-right: 18% !important;padding-bottom: 18% !important;padding-left: 18% !important;background-color: #b0976d !important;}&#8221;][vc_icon icon_fontawesome=&#8221;fas fa-bed&#8221; color=&#8221;custom&#8221; background_style=&#8221;rounded&#8221; background_color=&#8221;white&#8221; align=&#8221;center&#8221; custom_color=&#8221;#b0976d&#8221;]\n\t<div class=\"title-subtitle-box  \" style=\" text-align: center;\">\n\t\t<p  style=\" color:rgba(255,255,255,0.7); \">Exp\u00e9rience Voyage<\/p>\n\t\t<h1 style=\" color:#ffffff;  font-style: normal;\">la nuit\u00e9e, le petit d\u00e9jeuner, et le menu Voyage, 365\u20ac pour deux personnes<\/h1>\n\t<\/div> [vc_column_text css_animation=&#8221;&#8221;]<\/p>\n<p style=\"text-align: center;\"><span style=\"color: #ffffff;\"><br \/>\nLes formules n\u2019incluent pas les boissons <\/span><\/p>\n<p>[\/vc_column_text][vc_btn title=&#8221;Reservez&#8221; style=&#8221;custom&#8221; custom_background=&#8221;#000000&#8243; custom_text=&#8221;#ffffff&#8221; shape=&#8221;square&#8221; align=&#8221;center&#8221; css_animation=&#8221;&#8221; link=&#8221;url:https%3A%2F%2Famandier.be%2F1%2Freservations%2F|title:R%C3%A9servations&#8221;][\/vc_column][vc_column width=&#8221;1\/2&#8243; css_animation=&#8221;&#8221; css=&#8221;.vc_custom_1466159685700{padding: 18% !important;background-color: #000000 !important;}&#8221;][vc_icon icon_fontawesome=&#8221;fas fa-bed&#8221; color=&#8221;custom&#8221; background_style=&#8221;rounded&#8221; background_color=&#8221;white&#8221; align=&#8221;center&#8221; custom_color=&#8221;#b0976d&#8221;]\n\t<div class=\"title-subtitle-box  \" style=\" text-align: center;\">\n\t\t<p  style=\" color:rgba(255,255,255,0.7); \">Exp\u00e9rience l'Envol<\/p>\n\t\t<h1 style=\" color:#ffffff;  font-style: normal;\">la nuit\u00e9e, le petit d\u00e9jeuner, et le menu l'Envol, 415\u20ac pour deux personnes<\/h1>\n\t<\/div> [vc_column_text css_animation=&#8221;&#8221;]<\/p>\n<p style=\"text-align: center;\"><span style=\"color: #ffffff;\"><br \/>\nLes formules n\u2019incluent pas les boissons <\/span><\/p>\n<p>[\/vc_column_text][vc_btn title=&#8221;r\u00e9servez&#8221; style=&#8221;custom&#8221; custom_background=&#8221;#b0976d&#8221; custom_text=&#8221;#ffffff&#8221; shape=&#8221;square&#8221; align=&#8221;center&#8221; css_animation=&#8221;&#8221; link=&#8221;url:https%3A%2F%2Famandier.be%2F1%2Freservations%2F|title:R%C3%A9servations&#8221;][\/vc_column][\/vc_row][vc_row css_animation=&#8221;&#8221;][vc_column css_animation=&#8221;&#8221;][vc_empty_space height=&#8221;40px&#8221;][\/vc_column][\/vc_row]<\/p>\n","protected":false},"excerpt":{"rendered":"<p>[vc_row full_width=&#8221;stretch_row_content_no_spaces&#8221; css_animation=&#8221;&#8221; css=&#8221;.vc_custom_1673032720395{margin-top: -150px !important;}&#8221;][vc_column css_animation=&#8221;&#8221;][vc_gallery interval=&#8221;3&#8243; images=&#8221;1614,1624,1625,1642,1644,1645,1646&#8243; img_size=&#8221;full&#8221; onclick=&#8221;&#8221; css_animation=&#8221;bounceInUp&#8221;][\/vc_column][\/vc_row][vc_row css_animation=&#8221;&#8221;][vc_column width=&#8221;1\/3&#8243; css_animation=&#8221;&#8221; css=&#8221;.vc_custom_1466169436879{padding-right: 10% !important;}&#8221;][vc_column_text css_animation=&#8221;&#8221;]L&#8217;Amandier vous invite \u00e0 profiter d&#8217;un s\u00e9jour gastronomique dans ses deux chambres La Glycine et l&#8217;Eucalyptus. Chacune unique, leur mobilier contemporain et design se marie \u00e0 merveille avec le charme de l&#8217;ancienne batisse. Elles vous permettront de<br class=\"read-more-spacer\"> <a class=\"more-link\" href=\"https:\/\/amandier.be\/1\/chambres\/\">Read More<\/a><\/p>\n","protected":false},"author":1,"featured_media":0,"parent":0,"menu_order":0,"comment_status":"closed","ping_status":"closed","template":"","meta":{"footnotes":""},"class_list":["post-1038","page","type-page","status-publish","hentry"],"acf":[],"_links":{"self":[{"href":"https:\/\/amandier.be\/1\/wp-json\/wp\/v2\/pages\/1038","targetHints":{"allow":["GET"]}}],"collection":[{"href":"https:\/\/amandier.be\/1\/wp-json\/wp\/v2\/pages"}],"about":[{"href":"https:\/\/amandier.be\/1\/wp-json\/wp\/v2\/types\/page"}],"author":[{"embeddable":true,"href":"https:\/\/amandier.be\/1\/wp-json\/wp\/v2\/users\/1"}],"replies":[{"embeddable":true,"href":"https:\/\/amandier.be\/1\/wp-json\/wp\/v2\/comments?post=1038"}],"version-history":[{"count":15,"href":"https:\/\/amandier.be\/1\/wp-json\/wp\/v2\/pages\/1038\/revisions"}],"predecessor-version":[{"id":1871,"href":"https:\/\/amandier.be\/1\/wp-json\/wp\/v2\/pages\/1038\/revisions\/1871"}],"wp:attachment":[{"href":"https:\/\/amandier.be\/1\/wp-json\/wp\/v2\/media?parent=1038"}],"curies":[{"name":"wp","href":"https:\/\/api.w.org\/{rel}","templated":true}]}}