{"id":1139,"date":"2018-05-07T13:59:37","date_gmt":"2018-05-07T13:59:37","guid":{"rendered":"http:\/\/okthemes.com\/villenoirdemo\/?page_id=1139"},"modified":"2025-01-14T13:23:36","modified_gmt":"2025-01-14T12:23:36","slug":"reservations","status":"publish","type":"page","link":"https:\/\/amandier.be\/1\/reservations\/","title":{"rendered":"R\u00e9servations"},"content":{"rendered":"<p>[vc_row css_animation=&#8221;&#8221; css=&#8221;.vc_custom_1526047811183{padding-bottom: 0px !important;}&#8221;][vc_column width=&#8221;1\/6&#8243; css_animation=&#8221;&#8221;][\/vc_column][vc_column width=&#8221;2\/3&#8243; css_animation=&#8221;&#8221; css=&#8221;.vc_custom_1526304946515{padding-right: 5% !important;padding-left: 5% !important;}&#8221;]\n\t<div class=\"title-subtitle-box  \" style=\" text-align: center;\">\n\t\t<h5 style=\" color:#dd3333;  font-style: normal;\">Attention, pour finaliser votre r\u00e9servation de chambre, un acompte de 50\u20ac par personne vous est demand\u00e9. Sans quoi, votre chambre ne sera pas confirm\u00e9e. Merci pour votre compr\u00e9hension.<\/h5>\n\t<\/div> [vc_column_text css_animation=&#8221;&#8221;]Pour r\u00e9server nos chambres, choisissez d&#8217;abord Diner puis r\u00e9servation hotel.[\/vc_column_text][vc_column_text css_animation=&#8221;&#8221; css=&#8221;.vc_custom_1736857405421{margin-bottom: 0px !important;}&#8221; el_class=&#8221;css=LINKTOCSS.css&#8221;]<iframe loading=\"lazy\" style=\"display: block; margin: 0 auto; max-width: 600px; height: 630px;\" src=\"https:\/\/bookings.zenchef.com\/results?rid=371491&amp;fullscreen=1\" width=\"100%\" height=\"630\" frameborder=\"0\" scrolling=\"yes\"><\/iframe>[\/vc_column_text][\/vc_column][vc_column width=&#8221;1\/6&#8243; css_animation=&#8221;&#8221;][\/vc_column][\/vc_row]<\/p>\n","protected":false},"excerpt":{"rendered":"<p>[vc_row css_animation=&#8221;&#8221; css=&#8221;.vc_custom_1526047811183{padding-bottom: 0px !important;}&#8221;][vc_column width=&#8221;1\/6&#8243; css_animation=&#8221;&#8221;][\/vc_column][vc_column width=&#8221;2\/3&#8243; css_animation=&#8221;&#8221; css=&#8221;.vc_custom_1526304946515{padding-right: 5% !important;padding-left: 5% !important;}&#8221;][vc_column_text css_animation=&#8221;&#8221;]Pour r\u00e9server nos chambres, choisissez d&#8217;abord Diner puis r\u00e9servation hotel.[\/vc_column_text][vc_column_text css_animation=&#8221;&#8221; css=&#8221;.vc_custom_1736857405421{margin-bottom: 0px !important;}&#8221; el_class=&#8221;css=LINKTOCSS.css&#8221;][\/vc_column_text][\/vc_column][vc_column width=&#8221;1\/6&#8243; css_animation=&#8221;&#8221;][\/vc_column][\/vc_row]<\/p>\n","protected":false},"author":1,"featured_media":0,"parent":0,"menu_order":0,"comment_status":"closed","ping_status":"closed","template":"","meta":{"footnotes":""},"class_list":["post-1139","page","type-page","status-publish","hentry"],"acf":[],"_links":{"self":[{"href":"https:\/\/amandier.be\/1\/wp-json\/wp\/v2\/pages\/1139","targetHints":{"allow":["GET"]}}],"collection":[{"href":"https:\/\/amandier.be\/1\/wp-json\/wp\/v2\/pages"}],"about":[{"href":"https:\/\/amandier.be\/1\/wp-json\/wp\/v2\/types\/page"}],"author":[{"embeddable":true,"href":"https:\/\/amandier.be\/1\/wp-json\/wp\/v2\/users\/1"}],"replies":[{"embeddable":true,"href":"https:\/\/amandier.be\/1\/wp-json\/wp\/v2\/comments?post=1139"}],"version-history":[{"count":11,"href":"https:\/\/amandier.be\/1\/wp-json\/wp\/v2\/pages\/1139\/revisions"}],"predecessor-version":[{"id":1806,"href":"https:\/\/amandier.be\/1\/wp-json\/wp\/v2\/pages\/1139\/revisions\/1806"}],"wp:attachment":[{"href":"https:\/\/amandier.be\/1\/wp-json\/wp\/v2\/media?parent=1139"}],"curies":[{"name":"wp","href":"https:\/\/api.w.org\/{rel}","templated":true}]}}